{"id":46,"date":"2023-05-13T15:37:22","date_gmt":"2023-05-13T15:37:22","guid":{"rendered":"https:\/\/www.altosantiago.com\/?page_id=46"},"modified":"2026-03-10T23:51:41","modified_gmt":"2026-03-10T23:51:41","slug":"inicio","status":"publish","type":"page","link":"https:\/\/www.altosantiago.com\/","title":{"rendered":"Inicio"},"content":{"rendered":"\t\t<div data-elementor-type=\"wp-page\" data-elementor-id=\"46\" class=\"elementor elementor-46\" data-elementor-post-type=\"page\">\n\t\t\t\t\t\t<section class=\"elementor-section elementor-top-section elementor-element elementor-element-a9e22c9 elementor-section-full_width elementor-section-height-default elementor-section-height-default\" data-id=\"a9e22c9\" data-element_type=\"section\">\n\t\t\t\t\t\t<div class=\"elementor-container elementor-column-gap-default\">\n\t\t\t\t\t<div class=\"elementor-column elementor-col-100 elementor-top-column elementor-element elementor-element-2df8ded\" data-id=\"2df8ded\" data-element_type=\"column\">\n\t\t\t<div class=\"elementor-widget-wrap elementor-element-populated\">\n\t\t\t\t\t\t<div class=\"elementor-element elementor-element-e8d82fa elementor-pagination-position-inside elementor-arrows-position-inside elementor-widget elementor-widget-image-carousel\" data-id=\"e8d82fa\" data-element_type=\"widget\" data-settings=\"{&quot;slides_to_show&quot;:&quot;1&quot;,&quot;speed&quot;:250,&quot;navigation&quot;:&quot;both&quot;,&quot;autoplay&quot;:&quot;yes&quot;,&quot;pause_on_interaction&quot;:&quot;yes&quot;,&quot;autoplay_speed&quot;:5000,&quot;infinite&quot;:&quot;yes&quot;,&quot;effect&quot;:&quot;slide&quot;}\" data-widget_type=\"image-carousel.default\">\n\t\t\t\t<div class=\"elementor-widget-container\">\n\t\t\t<style>\/*! elementor - v3.20.0 - 26-03-2024 *\/\n.elementor-widget-image-carousel .swiper,.elementor-widget-image-carousel .swiper-container{position:static}.elementor-widget-image-carousel .swiper-container .swiper-slide figure,.elementor-widget-image-carousel .swiper .swiper-slide figure{line-height:inherit}.elementor-widget-image-carousel .swiper-slide{text-align:center}.elementor-image-carousel-wrapper:not(.swiper-container-initialized):not(.swiper-initialized) .swiper-slide{max-width:calc(100% \/ var(--e-image-carousel-slides-to-show, 3))}<\/style>\t\t<div class=\"elementor-image-carousel-wrapper swiper\" dir=\"ltr\">\n\t\t\t<div class=\"elementor-image-carousel swiper-wrapper swiper-image-stretch\" aria-live=\"off\">\n\t\t\t\t\t\t\t\t<div class=\"swiper-slide\" role=\"group\" aria-roledescription=\"slide\" aria-label=\"1 de 5\"><figure class=\"swiper-slide-inner\"><img decoding=\"async\" class=\"swiper-slide-image\" src=\"https:\/\/www.altosantiago.com\/wp-content\/uploads\/elementor\/thumbs\/Banner-1-rkbot7j89lv4ifiyavsw8veec6r81rj23pmooxomiu.png\" alt=\"Banner\" \/><\/figure><\/div><div class=\"swiper-slide\" role=\"group\" aria-roledescription=\"slide\" aria-label=\"2 de 5\"><figure class=\"swiper-slide-inner\"><img decoding=\"async\" class=\"swiper-slide-image\" src=\"https:\/\/www.altosantiago.com\/wp-content\/uploads\/elementor\/thumbs\/Alto-Santiago-q6evguddjey6jw2acxwmaqd6mmfwwqnl1mmw39eux2.jpg\" alt=\"Alto Santiago\" \/><\/figure><\/div><div class=\"swiper-slide\" role=\"group\" aria-roledescription=\"slide\" aria-label=\"3 de 5\"><figure class=\"swiper-slide-inner\"><img decoding=\"async\" class=\"swiper-slide-image\" src=\"https:\/\/www.altosantiago.com\/wp-content\/uploads\/elementor\/thumbs\/Alto-Santiago-2-q6evgw91x30r73zk1ypvfpw3te6nc4v1pvxv1tc2km.jpg\" alt=\"Alto Santiago 2\" \/><\/figure><\/div><div class=\"swiper-slide\" role=\"group\" aria-roledescription=\"slide\" aria-label=\"4 de 5\"><figure class=\"swiper-slide-inner\"><img decoding=\"async\" class=\"swiper-slide-image\" src=\"https:\/\/www.altosantiago.com\/wp-content\/uploads\/elementor\/thumbs\/Alto-Santiago-3-q6evgx6w3x21ipy6wh4i07nkes20jtys20lcj3aoee.jpg\" alt=\"Alto Santiago 3\" \/><\/figure><\/div><div class=\"swiper-slide\" role=\"group\" aria-roledescription=\"slide\" aria-label=\"5 de 5\"><figure class=\"swiper-slide-inner\"><img decoding=\"async\" class=\"swiper-slide-image\" src=\"https:\/\/www.altosantiago.com\/wp-content\/uploads\/elementor\/thumbs\/Alto-Santiago-4-scaled-q6evh00eof5whju3g0cdpoxy6xo46x9z2ejsyx6hvq.jpg\" alt=\"Alto Santiago 4\" \/><\/figure><\/div>\t\t\t<\/div>\n\t\t\t\t\t\t\t\t\t\t\t\t<div class=\"elementor-swiper-button elementor-swiper-button-prev\" role=\"button\" tabindex=\"0\">\n\t\t\t\t\t\t<i aria-hidden=\"true\" class=\"eicon-chevron-left\"><\/i>\t\t\t\t\t<\/div>\n\t\t\t\t\t<div class=\"elementor-swiper-button elementor-swiper-button-next\" role=\"button\" tabindex=\"0\">\n\t\t\t\t\t\t<i aria-hidden=\"true\" class=\"eicon-chevron-right\"><\/i>\t\t\t\t\t<\/div>\n\t\t\t\t\n\t\t\t\t\t\t\t\t\t<div class=\"swiper-pagination\"><\/div>\n\t\t\t\t\t\t\t\t\t<\/div>\n\t\t\t\t<\/div>\n\t\t\t\t<\/div>\n\t\t\t\t\t<\/div>\n\t\t<\/div>\n\t\t\t\t\t<\/div>\n\t\t<\/section>\n\t\t\t\t<section class=\"elementor-section elementor-top-section elementor-element elementor-element-320020e elementor-section-boxed elementor-section-height-default elementor-section-height-default\" data-id=\"320020e\" data-element_type=\"section\">\n\t\t\t\t\t\t<div class=\"elementor-container elementor-column-gap-default\">\n\t\t\t\t\t<div class=\"elementor-column elementor-col-100 elementor-top-column elementor-element elementor-element-c6978cb\" data-id=\"c6978cb\" data-element_type=\"column\">\n\t\t\t<div class=\"elementor-widget-wrap elementor-element-populated\">\n\t\t\t\t\t\t<div class=\"elementor-element elementor-element-7b94adf elementor-widget elementor-widget-heading\" data-id=\"7b94adf\" data-element_type=\"widget\" data-widget_type=\"heading.default\">\n\t\t\t\t<div class=\"elementor-widget-container\">\n\t\t\t<style>\/*! elementor - v3.20.0 - 26-03-2024 *\/\n.elementor-heading-title{padding:0;margin:0;line-height:1}.elementor-widget-heading .elementor-heading-title[class*=elementor-size-]>a{color:inherit;font-size:inherit;line-height:inherit}.elementor-widget-heading .elementor-heading-title.elementor-size-small{font-size:15px}.elementor-widget-heading .elementor-heading-title.elementor-size-medium{font-size:19px}.elementor-widget-heading .elementor-heading-title.elementor-size-large{font-size:29px}.elementor-widget-heading .elementor-heading-title.elementor-size-xl{font-size:39px}.elementor-widget-heading .elementor-heading-title.elementor-size-xxl{font-size:59px}<\/style><h1 class=\"elementor-heading-title elementor-size-default\">\u00a1Bienvenido a Alto Santiago!<\/h1>\t\t<\/div>\n\t\t\t\t<\/div>\n\t\t\t\t\t<\/div>\n\t\t<\/div>\n\t\t\t\t\t<\/div>\n\t\t<\/section>\n\t\t\t\t<section class=\"elementor-section elementor-top-section elementor-element elementor-element-96dd328 elementor-section-boxed elementor-section-height-default elementor-section-height-default\" data-id=\"96dd328\" data-element_type=\"section\">\n\t\t\t\t\t\t<div class=\"elementor-container elementor-column-gap-default\">\n\t\t\t\t\t<div class=\"elementor-column elementor-col-100 elementor-top-column elementor-element elementor-element-c63198b\" data-id=\"c63198b\" data-element_type=\"column\">\n\t\t\t<div class=\"elementor-widget-wrap elementor-element-populated\">\n\t\t\t\t\t\t<div class=\"elementor-element elementor-element-8c325f6 elementor-widget elementor-widget-text-editor\" data-id=\"8c325f6\" data-element_type=\"widget\" data-widget_type=\"text-editor.default\">\n\t\t\t\t<div class=\"elementor-widget-container\">\n\t\t\t<style>\/*! elementor - v3.20.0 - 26-03-2024 *\/\n.elementor-widget-text-editor.elementor-drop-cap-view-stacked .elementor-drop-cap{background-color:#69727d;color:#fff}.elementor-widget-text-editor.elementor-drop-cap-view-framed .elementor-drop-cap{color:#69727d;border:3px solid;background-color:transparent}.elementor-widget-text-editor:not(.elementor-drop-cap-view-default) .elementor-drop-cap{margin-top:8px}.elementor-widget-text-editor:not(.elementor-drop-cap-view-default) .elementor-drop-cap-letter{width:1em;height:1em}.elementor-widget-text-editor .elementor-drop-cap{float:left;text-align:center;line-height:1;font-size:50px}.elementor-widget-text-editor .elementor-drop-cap-letter{display:inline-block}<\/style>\t\t\t\t<h3>Por fin te has decidido a visitar Cantabria. Ahora solo te falta elegir tu mejor base de operaciones para conocer una provincia con un entorno inigualable.<\/h3><p>La Organizaci\u00f3n Mundial del\u00a0Turismo\u00a0define el\u00a0turismo sostenible\u00a0como <em>aquel<\/em> <em>que tiene plenamente en cuenta las repercusiones actuales y futuras, econ\u00f3micas, sociales y medioambientales para satisfacer las necesidades de los visitantes, de la industria, del entorno y de las comunidades anfitrionas<\/em>.<\/p><p>Dicho esto, consideramos que es compatible con la actividad que desarrollamos, por lo que creemos que debemos adaptarnos a los tiempos que corren, y podemos aportar nuestro granito de arena. Apostamos por un turismo que sigue los principios de sostenibilidad, minimizando el impacto sobre el medio ambiente y la cultura local, al tiempo que contribuye a generar ingresos y empleo para la poblaci\u00f3n local.<\/p><p>De momento estamos realizando peque\u00f1as contribuciones que est\u00e1n a nuestro alcance, y hemos actualizado y renovado algunos de nuestros h\u00e1bitos o rutinas (como por ejemplo emplear productos de limpieza biodegradables, comprar en el comercio local y de proximidad, reducir el uso de papel y sustituirlo por papel reciclado, contribuir a hacer un uso responsable de las fuentes de energ\u00eda no renovables, etc).<\/p><p>Sin embargo, tambi\u00e9n apostamos por el turismo del conocimiento y aprendizaje, con el fin de que puedas descubrir los secretos del entorno que nos rodea y disfrutar la experiencia en primera persona realizando rutas en plena naturaleza, adentr\u00e1ndote en cuevas naturales, observando el cielo con nuestros telescopio, dando el biber\u00f3n a un ternero en una granja pr\u00f3xima, realizar una salida en un barco de vela, visitando nuestros Parques Naturales, etc*.<\/p><p>*(Informaci\u00f3n m\u00e1s detallada en la pesta\u00f1a \u201cTarifas\u201d)<\/p>\t\t\t\t\t\t<\/div>\n\t\t\t\t<\/div>\n\t\t\t\t\t<\/div>\n\t\t<\/div>\n\t\t\t\t\t<\/div>\n\t\t<\/section>\n\t\t\t\t<section class=\"elementor-section elementor-top-section elementor-element elementor-element-c4cfa52 elementor-section-boxed elementor-section-height-default elementor-section-height-default\" data-id=\"c4cfa52\" data-element_type=\"section\">\n\t\t\t\t\t\t<div class=\"elementor-container elementor-column-gap-default\">\n\t\t\t\t\t<div class=\"elementor-column elementor-col-100 elementor-top-column elementor-element elementor-element-bd672ed\" data-id=\"bd672ed\" data-element_type=\"column\">\n\t\t\t<div class=\"elementor-widget-wrap elementor-element-populated\">\n\t\t\t\t\t\t<div class=\"elementor-element elementor-element-4e288b5 elementor-widget elementor-widget-image\" data-id=\"4e288b5\" data-element_type=\"widget\" data-widget_type=\"image.default\">\n\t\t\t\t<div class=\"elementor-widget-container\">\n\t\t\t<style>\/*! elementor - v3.20.0 - 26-03-2024 *\/\n.elementor-widget-image{text-align:center}.elementor-widget-image a{display:inline-block}.elementor-widget-image a img[src$=\".svg\"]{width:48px}.elementor-widget-image img{vertical-align:middle;display:inline-block}<\/style>\t\t\t\t\t\t\t\t\t\t<img fetchpriority=\"high\" decoding=\"async\" width=\"576\" height=\"1024\" src=\"https:\/\/www.altosantiago.com\/wp-content\/uploads\/2023\/05\/Alto-Santiago-1-576x1024.jpg\" class=\"attachment-large size-large wp-image-53\" alt=\"\" srcset=\"https:\/\/www.altosantiago.com\/wp-content\/uploads\/2023\/05\/Alto-Santiago-1-576x1024.jpg 576w, https:\/\/www.altosantiago.com\/wp-content\/uploads\/2023\/05\/Alto-Santiago-1-169x300.jpg 169w, https:\/\/www.altosantiago.com\/wp-content\/uploads\/2023\/05\/Alto-Santiago-1-768x1365.jpg 768w, https:\/\/www.altosantiago.com\/wp-content\/uploads\/2023\/05\/Alto-Santiago-1.jpg 800w\" sizes=\"(max-width: 576px) 100vw, 576px\" \/>\t\t\t\t\t\t\t\t\t\t\t\t\t<\/div>\n\t\t\t\t<\/div>\n\t\t\t\t\t<\/div>\n\t\t<\/div>\n\t\t\t\t\t<\/div>\n\t\t<\/section>\n\t\t\t\t<section class=\"elementor-section elementor-top-section elementor-element elementor-element-219870e elementor-section-boxed elementor-section-height-default elementor-section-height-default\" data-id=\"219870e\" data-element_type=\"section\">\n\t\t\t\t\t\t<div class=\"elementor-container elementor-column-gap-default\">\n\t\t\t\t\t<div class=\"elementor-column elementor-col-100 elementor-top-column elementor-element elementor-element-f403a77\" data-id=\"f403a77\" data-element_type=\"column\">\n\t\t\t<div class=\"elementor-widget-wrap elementor-element-populated\">\n\t\t\t\t\t\t<div class=\"elementor-element elementor-element-8cdef6d elementor-widget elementor-widget-text-editor\" data-id=\"8cdef6d\" data-element_type=\"widget\" data-widget_type=\"text-editor.default\">\n\t\t\t\t<div class=\"elementor-widget-container\">\n\t\t\t\t\t\t\t<p>\u00a0<\/p><p>Recuerda dormirte con un sue\u00f1o<\/p><p>y levantarte con un prop\u00f3sito.<\/p>\t\t\t\t\t\t<\/div>\n\t\t\t\t<\/div>\n\t\t\t\t\t<\/div>\n\t\t<\/div>\n\t\t\t\t\t<\/div>\n\t\t<\/section>\n\t\t\t\t<section class=\"elementor-section elementor-top-section elementor-element elementor-element-d741a46 elementor-section-boxed elementor-section-height-default elementor-section-height-default\" data-id=\"d741a46\" data-element_type=\"section\">\n\t\t\t\t\t\t<div class=\"elementor-container elementor-column-gap-default\">\n\t\t\t\t\t<div class=\"elementor-column elementor-col-100 elementor-top-column elementor-element elementor-element-057c958\" data-id=\"057c958\" data-element_type=\"column\">\n\t\t\t<div class=\"elementor-widget-wrap elementor-element-populated\">\n\t\t\t\t\t\t\t<\/div>\n\t\t<\/div>\n\t\t\t\t\t<\/div>\n\t\t<\/section>\n\t\t\t\t<section class=\"elementor-section elementor-top-section elementor-element elementor-element-8033838 elementor-section-boxed elementor-section-height-default elementor-section-height-default\" data-id=\"8033838\" data-element_type=\"section\">\n\t\t\t\t\t\t<div class=\"elementor-container elementor-column-gap-default\">\n\t\t\t\t\t<div class=\"elementor-column elementor-col-100 elementor-top-column elementor-element elementor-element-d4ca00f\" data-id=\"d4ca00f\" data-element_type=\"column\">\n\t\t\t<div class=\"elementor-widget-wrap elementor-element-populated\">\n\t\t\t\t\t\t<div class=\"elementor-element elementor-element-e1d7fe5 elementor-widget elementor-widget-audio\" data-id=\"e1d7fe5\" data-element_type=\"widget\" data-widget_type=\"audio.default\">\n\t\t\t\t<div class=\"elementor-widget-container\">\n\t\t\t\t\t\t<div class=\"elementor-soundcloud-wrapper\">\n\t\t\t\t<iframe width=\"800\" height=\"450\" src=\"https:\/\/www.youtube.com\/embed\/BumD3DxlxeM?feature=oembed&#038;auto_play=false&#038;buying=false&#038;liking=false&#038;download=false&#038;sharing=false&#038;show_comments=false&#038;show_playcount=false&#038;show_user=false&#038;show_artwork=false&#038;color\" frameborder=\"0\" allow=\"accelerometer; autoplay; clipboard-write; encrypted-media; gyroscope; picture-in-picture; web-share\" referrerpolicy=\"strict-origin-when-cross-origin\" allowfullscreen><\/iframe>\t\t\t<\/div>\n\t\t\t\t\t<\/div>\n\t\t\t\t<\/div>\n\t\t\t\t\t<\/div>\n\t\t<\/div>\n\t\t\t\t\t<\/div>\n\t\t<\/section>\n\t\t\t\t<\/div>\n\t\t","protected":false},"excerpt":{"rendered":"<p>\u00a1Bienvenido a Alto Santiago! Por fin te has decidido a visitar Cantabria. Ahora solo te falta elegir tu mejor base de operaciones para conocer una provincia con un entorno inigualable. La Organizaci\u00f3n Mundial del\u00a0Turismo\u00a0define el\u00a0turismo sostenible\u00a0como aquel que tiene plenamente en cuenta las repercusiones actuales y futuras, econ\u00f3micas, sociales y medioambientales para satisfacer las necesidades [&hellip;]<\/p>\n","protected":false},"author":1,"featured_media":0,"parent":0,"menu_order":0,"comment_status":"closed","ping_status":"closed","template":"","meta":{"footnotes":""},"class_list":["post-46","page","type-page","status-publish","hentry"],"_links":{"self":[{"href":"https:\/\/www.altosantiago.com\/index.php\/wp-json\/wp\/v2\/pages\/46","targetHints":{"allow":["GET"]}}],"collection":[{"href":"https:\/\/www.altosantiago.com\/index.php\/wp-json\/wp\/v2\/pages"}],"about":[{"href":"https:\/\/www.altosantiago.com\/index.php\/wp-json\/wp\/v2\/types\/page"}],"author":[{"embeddable":true,"href":"https:\/\/www.altosantiago.com\/index.php\/wp-json\/wp\/v2\/users\/1"}],"replies":[{"embeddable":true,"href":"https:\/\/www.altosantiago.com\/index.php\/wp-json\/wp\/v2\/comments?post=46"}],"version-history":[{"count":87,"href":"https:\/\/www.altosantiago.com\/index.php\/wp-json\/wp\/v2\/pages\/46\/revisions"}],"predecessor-version":[{"id":1218,"href":"https:\/\/www.altosantiago.com\/index.php\/wp-json\/wp\/v2\/pages\/46\/revisions\/1218"}],"wp:attachment":[{"href":"https:\/\/www.altosantiago.com\/index.php\/wp-json\/wp\/v2\/media?parent=46"}],"curies":[{"name":"wp","href":"https:\/\/api.w.org\/{rel}","templated":true}]}}