{"id":174,"date":"2023-07-14T16:23:04","date_gmt":"2023-07-14T16:23:04","guid":{"rendered":"https:\/\/www.altosantiago.com\/?page_id=174"},"modified":"2023-07-19T09:33:54","modified_gmt":"2023-07-19T09:33:54","slug":"caminos-de-peregrinaje","status":"publish","type":"page","link":"https:\/\/www.altosantiago.com\/index.php\/caminos-de-peregrinaje\/","title":{"rendered":"Caminos de Peregrinaje"},"content":{"rendered":"\t\t<div data-elementor-type=\"wp-page\" data-elementor-id=\"174\" class=\"elementor elementor-174\" data-elementor-post-type=\"page\">\n\t\t\t\t\t\t<section class=\"elementor-section elementor-top-section elementor-element elementor-element-f5ff7b8 elementor-section-full_width elementor-section-height-default elementor-section-height-default\" data-id=\"f5ff7b8\" data-element_type=\"section\">\n\t\t\t\t\t\t<div class=\"elementor-container elementor-column-gap-default\">\n\t\t\t\t\t<div class=\"elementor-column elementor-col-100 elementor-top-column elementor-element elementor-element-222c6c5\" data-id=\"222c6c5\" data-element_type=\"column\">\n\t\t\t<div class=\"elementor-widget-wrap elementor-element-populated\">\n\t\t\t\t\t\t<div class=\"elementor-element elementor-element-c3f9a68 elementor-widget elementor-widget-image\" data-id=\"c3f9a68\" data-element_type=\"widget\" data-widget_type=\"image.default\">\n\t\t\t\t<div class=\"elementor-widget-container\">\n\t\t\t<style>\/*! elementor - v3.20.0 - 26-03-2024 *\/\n.elementor-widget-image{text-align:center}.elementor-widget-image a{display:inline-block}.elementor-widget-image a img[src$=\".svg\"]{width:48px}.elementor-widget-image img{vertical-align:middle;display:inline-block}<\/style>\t\t\t\t\t\t\t\t\t\t<img fetchpriority=\"high\" decoding=\"async\" width=\"800\" height=\"450\" src=\"https:\/\/www.altosantiago.com\/wp-content\/uploads\/2023\/05\/Caminos-de-Peregrinaje-1.jpg\" class=\"attachment-full size-full wp-image-176\" alt=\"Caminos-de-Peregrinaje\" srcset=\"https:\/\/www.altosantiago.com\/wp-content\/uploads\/2023\/05\/Caminos-de-Peregrinaje-1.jpg 800w, https:\/\/www.altosantiago.com\/wp-content\/uploads\/2023\/05\/Caminos-de-Peregrinaje-1-300x169.jpg 300w, https:\/\/www.altosantiago.com\/wp-content\/uploads\/2023\/05\/Caminos-de-Peregrinaje-1-768x432.jpg 768w\" sizes=\"(max-width: 800px) 100vw, 800px\" \/>\t\t\t\t\t\t\t\t\t\t\t\t\t<\/div>\n\t\t\t\t<\/div>\n\t\t\t\t\t<\/div>\n\t\t<\/div>\n\t\t\t\t\t<\/div>\n\t\t<\/section>\n\t\t\t\t<section class=\"elementor-section elementor-top-section elementor-element elementor-element-815008a elementor-section-boxed elementor-section-height-default elementor-section-height-default\" data-id=\"815008a\" data-element_type=\"section\">\n\t\t\t\t\t\t<div class=\"elementor-container elementor-column-gap-default\">\n\t\t\t\t\t<div class=\"elementor-column elementor-col-100 elementor-top-column elementor-element elementor-element-896751b\" data-id=\"896751b\" data-element_type=\"column\">\n\t\t\t<div class=\"elementor-widget-wrap elementor-element-populated\">\n\t\t\t\t\t\t<div class=\"elementor-element elementor-element-8196547 elementor-widget elementor-widget-text-editor\" data-id=\"8196547\" data-element_type=\"widget\" data-widget_type=\"text-editor.default\">\n\t\t\t\t<div class=\"elementor-widget-container\">\n\t\t\t<style>\/*! elementor - v3.20.0 - 26-03-2024 *\/\n.elementor-widget-text-editor.elementor-drop-cap-view-stacked .elementor-drop-cap{background-color:#69727d;color:#fff}.elementor-widget-text-editor.elementor-drop-cap-view-framed .elementor-drop-cap{color:#69727d;border:3px solid;background-color:transparent}.elementor-widget-text-editor:not(.elementor-drop-cap-view-default) .elementor-drop-cap{margin-top:8px}.elementor-widget-text-editor:not(.elementor-drop-cap-view-default) .elementor-drop-cap-letter{width:1em;height:1em}.elementor-widget-text-editor .elementor-drop-cap{float:left;text-align:center;line-height:1;font-size:50px}.elementor-widget-text-editor .elementor-drop-cap-letter{display:inline-block}<\/style>\t\t\t\t<p>La silueta del castillo y de la iglesia de Santa Mar\u00eda de los \u00c1ngeles, recortada contra el perfil imponente de los Picos de Europa, es una imagen que sintetiza alguno de los aspectos m\u00e1s significativos de la esencia hist\u00f3rica de Cantabria: el v\u00ednculo at\u00e1vico con el mar, el \u00abcruce de caminos\u00bb espirituales -las rutas jubilares Jacobea y Lebaniega-, y la determinante omnipresencia de la monta\u00f1a.<\/p><p>San Vicente de la Barquera fue un importante paso del Camino de Santiago en la ruta costera, y actualmente nuestro establecimiento est\u00e1 situado en la Calle Camino Alto de Santiago, calle por la que pasan los peregrinos que se dirigen a Santiago de Compostela, en el Camino del Norte o Camino de la Costa y tambi\u00e9n pasan los peregrinos que caminan hasta Santo Toribio de Li\u00e9bana. Este a\u00f1o 2023-2024 coincide con el A\u00f1o Santo Lebaniego, por lo que la afluencia de peregrinos es mayor.<\/p>\t\t\t\t\t\t<\/div>\n\t\t\t\t<\/div>\n\t\t\t\t\t<\/div>\n\t\t<\/div>\n\t\t\t\t\t<\/div>\n\t\t<\/section>\n\t\t\t\t<section class=\"elementor-section elementor-top-section elementor-element elementor-element-5c316fa elementor-section-boxed elementor-section-height-default elementor-section-height-default\" data-id=\"5c316fa\" data-element_type=\"section\">\n\t\t\t\t\t\t<div class=\"elementor-container elementor-column-gap-default\">\n\t\t\t\t\t<div class=\"elementor-column elementor-col-50 elementor-top-column elementor-element elementor-element-bd89642\" data-id=\"bd89642\" data-element_type=\"column\">\n\t\t\t<div class=\"elementor-widget-wrap elementor-element-populated\">\n\t\t\t\t\t\t<div class=\"elementor-element elementor-element-22fd42f elementor-widget elementor-widget-heading\" data-id=\"22fd42f\" data-element_type=\"widget\" data-widget_type=\"heading.default\">\n\t\t\t\t<div class=\"elementor-widget-container\">\n\t\t\t<style>\/*! elementor - v3.20.0 - 26-03-2024 *\/\n.elementor-heading-title{padding:0;margin:0;line-height:1}.elementor-widget-heading .elementor-heading-title[class*=elementor-size-]>a{color:inherit;font-size:inherit;line-height:inherit}.elementor-widget-heading .elementor-heading-title.elementor-size-small{font-size:15px}.elementor-widget-heading .elementor-heading-title.elementor-size-medium{font-size:19px}.elementor-widget-heading .elementor-heading-title.elementor-size-large{font-size:29px}.elementor-widget-heading .elementor-heading-title.elementor-size-xl{font-size:39px}.elementor-widget-heading .elementor-heading-title.elementor-size-xxl{font-size:59px}<\/style><h2 class=\"elementor-heading-title elementor-size-default\">INFO CAMINO LEBANIEGO<\/h2>\t\t<\/div>\n\t\t\t\t<\/div>\n\t\t\t\t<div class=\"elementor-element elementor-element-1d9a435 elementor-align-center elementor-widget elementor-widget-button\" data-id=\"1d9a435\" data-element_type=\"widget\" data-widget_type=\"button.default\">\n\t\t\t\t<div class=\"elementor-widget-container\">\n\t\t\t\t\t<div class=\"elementor-button-wrapper\">\n\t\t\t<a class=\"elementor-button elementor-button-link elementor-size-sm elementor-animation-grow\" href=\"https:\/\/www.altosantiago.com\/wp-content\/uploads\/2023\/06\/INFO-CAMINO-LEBANIEGO.pdf\" download=\"\">\n\t\t\t\t\t\t<span class=\"elementor-button-content-wrapper\">\n\t\t\t\t\t\t<span class=\"elementor-button-text\">Descarga documento<\/span>\n\t\t<\/span>\n\t\t\t\t\t<\/a>\n\t\t<\/div>\n\t\t\t\t<\/div>\n\t\t\t\t<\/div>\n\t\t\t\t\t<\/div>\n\t\t<\/div>\n\t\t\t\t<div class=\"elementor-column elementor-col-50 elementor-top-column elementor-element elementor-element-8ce59a2\" data-id=\"8ce59a2\" data-element_type=\"column\">\n\t\t\t<div class=\"elementor-widget-wrap elementor-element-populated\">\n\t\t\t\t\t\t<div class=\"elementor-element elementor-element-1c436ab elementor-widget elementor-widget-heading\" data-id=\"1c436ab\" data-element_type=\"widget\" data-widget_type=\"heading.default\">\n\t\t\t\t<div class=\"elementor-widget-container\">\n\t\t\t<h2 class=\"elementor-heading-title elementor-size-default\">INFO CAMINO DEL NORTE POR CANTABRIA<\/h2>\t\t<\/div>\n\t\t\t\t<\/div>\n\t\t\t\t<div class=\"elementor-element elementor-element-49f4b7b elementor-align-center elementor-widget elementor-widget-button\" data-id=\"49f4b7b\" data-element_type=\"widget\" data-widget_type=\"button.default\">\n\t\t\t\t<div class=\"elementor-widget-container\">\n\t\t\t\t\t<div class=\"elementor-button-wrapper\">\n\t\t\t<a class=\"elementor-button elementor-button-link elementor-size-sm elementor-animation-grow\" href=\"https:\/\/www.altosantiago.com\/wp-content\/uploads\/2023\/06\/INFO-CAMINO-DEL-NORTE-POR-CANTABRIA.pdf\" download=\"\">\n\t\t\t\t\t\t<span class=\"elementor-button-content-wrapper\">\n\t\t\t\t\t\t<span class=\"elementor-button-text\">Descarga documento<\/span>\n\t\t<\/span>\n\t\t\t\t\t<\/a>\n\t\t<\/div>\n\t\t\t\t<\/div>\n\t\t\t\t<\/div>\n\t\t\t\t\t<\/div>\n\t\t<\/div>\n\t\t\t\t\t<\/div>\n\t\t<\/section>\n\t\t\t\t<section class=\"elementor-section elementor-top-section elementor-element elementor-element-ff608df elementor-section-boxed elementor-section-height-default elementor-section-height-default\" data-id=\"ff608df\" data-element_type=\"section\">\n\t\t\t\t\t\t<div class=\"elementor-container elementor-column-gap-default\">\n\t\t\t\t\t<div class=\"elementor-column elementor-col-100 elementor-top-column elementor-element elementor-element-94366e7\" data-id=\"94366e7\" data-element_type=\"column\">\n\t\t\t<div class=\"elementor-widget-wrap elementor-element-populated\">\n\t\t\t\t\t\t<div class=\"elementor-element elementor-element-2f20d79 elementor-widget elementor-widget-image\" data-id=\"2f20d79\" data-element_type=\"widget\" data-widget_type=\"image.default\">\n\t\t\t\t<div class=\"elementor-widget-container\">\n\t\t\t\t\t\t\t\t\t\t\t\t\t<img decoding=\"async\" width=\"800\" height=\"565\" src=\"https:\/\/www.altosantiago.com\/wp-content\/uploads\/2023\/06\/Camino-Lebaniego.jpg\" class=\"attachment-large size-large wp-image-482\" alt=\"Camino Lebaniego\" srcset=\"https:\/\/www.altosantiago.com\/wp-content\/uploads\/2023\/06\/Camino-Lebaniego.jpg 823w, https:\/\/www.altosantiago.com\/wp-content\/uploads\/2023\/06\/Camino-Lebaniego-300x212.jpg 300w, https:\/\/www.altosantiago.com\/wp-content\/uploads\/2023\/06\/Camino-Lebaniego-768x542.jpg 768w\" sizes=\"(max-width: 800px) 100vw, 800px\" \/>\t\t\t\t\t\t\t\t\t\t\t\t\t<\/div>\n\t\t\t\t<\/div>\n\t\t\t\t\t<\/div>\n\t\t<\/div>\n\t\t\t\t\t<\/div>\n\t\t<\/section>\n\t\t\t\t<section class=\"elementor-section elementor-top-section elementor-element elementor-element-736238e elementor-section-boxed elementor-section-height-default elementor-section-height-default\" data-id=\"736238e\" data-element_type=\"section\">\n\t\t\t\t\t\t<div class=\"elementor-container elementor-column-gap-default\">\n\t\t\t\t\t<div class=\"elementor-column elementor-col-100 elementor-top-column elementor-element elementor-element-a57edaa\" data-id=\"a57edaa\" data-element_type=\"column\">\n\t\t\t<div class=\"elementor-widget-wrap elementor-element-populated\">\n\t\t\t\t\t\t<div class=\"elementor-element elementor-element-4db79de elementor-widget elementor-widget-image\" data-id=\"4db79de\" data-element_type=\"widget\" data-widget_type=\"image.default\">\n\t\t\t\t<div class=\"elementor-widget-container\">\n\t\t\t\t\t\t\t\t\t\t\t\t\t<img decoding=\"async\" width=\"740\" height=\"493\" src=\"https:\/\/www.altosantiago.com\/wp-content\/uploads\/2023\/05\/01-FONDO-FRASE.jpg\" class=\"attachment-full size-full wp-image-146\" alt=\"01 FONDO FRASE\" srcset=\"https:\/\/www.altosantiago.com\/wp-content\/uploads\/2023\/05\/01-FONDO-FRASE.jpg 740w, https:\/\/www.altosantiago.com\/wp-content\/uploads\/2023\/05\/01-FONDO-FRASE-300x200.jpg 300w\" sizes=\"(max-width: 740px) 100vw, 740px\" \/>\t\t\t\t\t\t\t\t\t\t\t\t\t<\/div>\n\t\t\t\t<\/div>\n\t\t\t\t\t<\/div>\n\t\t<\/div>\n\t\t\t\t\t<\/div>\n\t\t<\/section>\n\t\t\t\t<section class=\"elementor-section elementor-top-section elementor-element elementor-element-9a08fd7 elementor-section-boxed elementor-section-height-default elementor-section-height-default\" data-id=\"9a08fd7\" data-element_type=\"section\">\n\t\t\t\t\t\t<div class=\"elementor-container elementor-column-gap-default\">\n\t\t\t\t\t<div class=\"elementor-column elementor-col-100 elementor-top-column elementor-element elementor-element-bbe18ea\" data-id=\"bbe18ea\" data-element_type=\"column\">\n\t\t\t<div class=\"elementor-widget-wrap elementor-element-populated\">\n\t\t\t\t\t\t<div class=\"elementor-element elementor-element-f119827 elementor-widget elementor-widget-text-editor\" data-id=\"f119827\" data-element_type=\"widget\" data-widget_type=\"text-editor.default\">\n\t\t\t\t<div class=\"elementor-widget-container\">\n\t\t\t\t\t\t\t<p>El camino es mas importante que aquello que te llevo a caminar.<\/p>\t\t\t\t\t\t<\/div>\n\t\t\t\t<\/div>\n\t\t\t\t\t<\/div>\n\t\t<\/div>\n\t\t\t\t\t<\/div>\n\t\t<\/section>\n\t\t\t\t<\/div>\n\t\t","protected":false},"excerpt":{"rendered":"<p>La silueta del castillo y de la iglesia de Santa Mar\u00eda de los \u00c1ngeles, recortada contra el perfil imponente de los Picos de Europa, es una imagen que sintetiza alguno de los aspectos m\u00e1s significativos de la esencia hist\u00f3rica de Cantabria: el v\u00ednculo at\u00e1vico con el mar, el \u00abcruce de caminos\u00bb espirituales -las rutas jubilares [&hellip;]<\/p>\n","protected":false},"author":1,"featured_media":0,"parent":0,"menu_order":0,"comment_status":"closed","ping_status":"closed","template":"","meta":{"footnotes":""},"class_list":["post-174","page","type-page","status-publish","hentry"],"_links":{"self":[{"href":"https:\/\/www.altosantiago.com\/index.php\/wp-json\/wp\/v2\/pages\/174","targetHints":{"allow":["GET"]}}],"collection":[{"href":"https:\/\/www.altosantiago.com\/index.php\/wp-json\/wp\/v2\/pages"}],"about":[{"href":"https:\/\/www.altosantiago.com\/index.php\/wp-json\/wp\/v2\/types\/page"}],"author":[{"embeddable":true,"href":"https:\/\/www.altosantiago.com\/index.php\/wp-json\/wp\/v2\/users\/1"}],"replies":[{"embeddable":true,"href":"https:\/\/www.altosantiago.com\/index.php\/wp-json\/wp\/v2\/comments?post=174"}],"version-history":[{"count":46,"href":"https:\/\/www.altosantiago.com\/index.php\/wp-json\/wp\/v2\/pages\/174\/revisions"}],"predecessor-version":[{"id":802,"href":"https:\/\/www.altosantiago.com\/index.php\/wp-json\/wp\/v2\/pages\/174\/revisions\/802"}],"wp:attachment":[{"href":"https:\/\/www.altosantiago.com\/index.php\/wp-json\/wp\/v2\/media?parent=174"}],"curies":[{"name":"wp","href":"https:\/\/api.w.org\/{rel}","templated":true}]}}